{"id":15558,"date":"2024-05-06T16:28:42","date_gmt":"2024-05-06T16:28:42","guid":{"rendered":"https:\/\/neotalentconclusion.com\/?page_id=15558"},"modified":"2026-01-20T15:51:45","modified_gmt":"2026-01-20T15:51:45","slug":"gobernanza","status":"publish","type":"page","link":"https:\/\/neotalentconclusion.com\/es\/gobernanza\/","title":{"rendered":"Gobernanza"},"content":{"rendered":"\t\t<div data-elementor-type=\"wp-page\" data-elementor-id=\"15558\" class=\"elementor elementor-15558 elementor-15540\" data-elementor-post-type=\"page\">\n\t\t\t\t<div class=\"elementor-element elementor-element-125cdf8 e-flex e-con-boxed e-con e-parent\" data-id=\"125cdf8\" data-element_type=\"container\">\n\t\t\t\t\t<div class=\"e-con-inner\">\n\t\t<div class=\"elementor-element elementor-element-caaba00 e-flex e-con-boxed e-con e-child\" data-id=\"caaba00\" data-element_type=\"container\" data-settings=\"{&quot;background_background&quot;:&quot;classic&quot;}\">\n\t\t\t\t\t<div class=\"e-con-inner\">\n\t\t\t\t<div class=\"elementor-element elementor-element-18d7df8 elementor-widget-tablet__width-initial elementor-widget elementor-widget-heading\" data-id=\"18d7df8\" data-element_type=\"widget\" data-widget_type=\"heading.default\">\n\t\t\t\t<div class=\"elementor-widget-container\">\n\t\t\t<h2 class=\"elementor-heading-title elementor-size-default\">Gobernanza<\/h2>\t\t<\/div>\n\t\t\t\t<\/div>\n\t\t\t\t<div class=\"elementor-element elementor-element-8f2612b elementor-widget__width-initial elementor-widget-laptop__width-initial elementor-widget elementor-widget-text-editor\" data-id=\"8f2612b\" data-element_type=\"widget\" data-widget_type=\"text-editor.default\">\n\t\t\t\t<div class=\"elementor-widget-container\">\n\t\t\t\t\t\t\t<h2><strong>Porque nos importa<\/strong><\/h2>\n<p>Estamos comprometidos con tener un impacto positivo y sostenible en el planeta, y en la vida de todos los seres con los que compartimos nuestro ecosistema. Por estas razones, creemos en la transparencia, equidad, calidad y certificaci\u00f3n. Hemos desarrollado pol\u00edticas basadas en nuestros principios, y hemos implementado sistemas en varias \u00e1reas. Nos sometemos peri\u00f3dicamente a auditor\u00edas por parte de equipos internos y entidades externas.<\/p>\n<p>&nbsp;<\/p>\n<h3>C\u00d3DIGO DE CONDUCTA<\/h3>\n<p>Neotalent Conclusion, como empresa del grupo Conclusion, adopta y aplica el C\u00f3digo de Conducta del ecosistema Conclusion como marco com\u00fan para una actuaci\u00f3n \u00e9tica, responsable y conforme a la ley. Este c\u00f3digo define los principios, valores y comportamientos que gu\u00edan nuestra forma de trabajar, relacionarnos con nuestros grupos de inter\u00e9s y representar a la organizaci\u00f3n en todos los contextos en los que operamos. A trav\u00e9s de su cumplimiento, reafirmamos nuestro compromiso con la integridad, la transparencia, la fiabilidad y el respeto por las personas, as\u00ed como con el cumplimiento de la normativa local e internacional y la creaci\u00f3n de un impacto positivo y sostenible en la sociedad.<\/p>\n<p><a href=\"https:\/\/neotalentconclusion.com\/wp-content\/uploads\/2026\/01\/Conclusion-Iberia_Code-of-Conduct_2026_EN.pdf\">C\u00f3digo de Conducta de Conclusion (en Ingl\u00e9s)<\/a><\/p>\n<p>&nbsp;<\/p>\n<h3>POL\u00cdTICA DE PREVENCI\u00d3N DE BLANQUEO DE CAPITALES Y FINANCIACI\u00d3N DEL TERRORISMO<\/h3>\n<p>La Pol\u00edtica de Prevenci\u00f3n de Blanqueo de Capitales y Financiaci\u00f3n del Terrorismo establece los principios fundamentales seguidos por Neotalent Conclusion en el \u00e1mbito de la prevenci\u00f3n, detecci\u00f3n y combate al blanqueo de capitales y a la financiaci\u00f3n del terrorismo.<\/p>\n<p><a href=\"https:\/\/neotalentconclusion.com\/wp-content\/uploads\/2025\/05\/Neotalent-Conclusion-Money-Laundering-ES.pdf\" target=\"_blank\" rel=\"noopener\">Pol\u00edtica de Prevenci\u00f3n de Blanqueo de Capitales y Financiaci\u00f3n del Terrorismo<\/a><\/p>\n<p>&nbsp;<\/p>\n<h3>C\u00d3DIGO DE CONDUCTA PARA SOCIOS Y PROVEEDORES<\/h3>\n<p>El C\u00f3digo de conducta para socios y proveedores describe los principios y comportamientos que se esperan de cualquier organizaci\u00f3n que establezca una relaci\u00f3n comercial con Neotalent Conclusion.<\/p>\n<p><a href=\"https:\/\/neotalentconclusion.com\/wp-content\/uploads\/2025\/05\/Neotalent-Conclusion-Code-of-Conduct-Partners-and-Providers-ES.pdf\" target=\"_blank\" rel=\"noopener\">C\u00f3digo de Conducta Para Socios y Proveedores<\/a><\/p>\n<p>&nbsp;<\/p>\n<h3>CERTIFICACIONES<\/h3>\n<p>Neotalent Conclusion est\u00e1 certificada seg\u00fan est\u00e1ndares internacionales de Seguridad de la Informaci\u00f3n y de Calidad, Medio Ambiente y Seguridad y Salud en el Trabajo.<\/p>\n<ul>\n<li>NP EN ISO 9001<\/li>\n<li>NP EN ISO 14001<\/li>\n<li>ISO 45001<\/li>\n<li>ISO IEC 27001<\/li>\n<\/ul>\n<p>&nbsp;<\/p>\n<h3>POL\u00cdTICA DEL SISTEMA DE GESTI\u00d3N DE CALIDAD, MEDIO AMBIENTE Y SEGURIDAD Y SALUD EN EL TRABAJO<\/h3>\n<p>El Sistema de Gesti\u00f3n Integrado (IMS &#8211; certificaciones corporativas) est\u00e1 regido por una Pol\u00edtica que est\u00e1 alineado con la Visi\u00f3n y los Valores de Neotalent Conclusion, as\u00ed como con las necesidades de sus p\u00fablicos de inter\u00e9s. Los principios asumidos representan un compromiso por parte de la direcci\u00f3n y otros empleados de Neotalent Conclusion.<\/p>\n<p><a href=\"https:\/\/neotalentconclusion.com\/wp-content\/uploads\/2025\/06\/ES-POL1.pdf\" target=\"_blank\" rel=\"noopener\">Pol\u00edtica del Sistema de Gesti\u00f3n Integrado 2025<\/a><\/p>\n<p>&nbsp;<\/p>\n<h3>SISTEMA DE GESTI\u00d3N DE LA SEGURIDAD Y SALUD EN EL TRABAJO<\/h3>\n<p>Estamos comprometidos en reducir y eliminar los riesgos de aquellos con quienes trabajamos: nuestros empleados, socios y proveedores.<\/p>\n<p><a href=\"https:\/\/neotalent.pt\/wp-content\/uploads\/2024\/09\/24.SST_.0646-CONCLUSION-NEOTALENT.pdf\" target=\"_blank\" rel=\"noopener\">Certificaci\u00f3n SST 2024-27 (APCER)<\/a><\/p>\n<p>&nbsp;<\/p>\n<h3>SISTEMA DE GESTI\u00d3N DE CALIDAD<\/h3>\n<p>Proveemos con calidad aquello que nuestros clientes necesitan: El talento adecuado, para el desaf\u00edo indicado, en el momento preciso.<\/p>\n<p><a href=\"https:\/\/neotalent.pt\/wp-content\/uploads\/2024\/09\/24.CEP_.6165-CONCLUSION-NEOTALENT.pdf\" target=\"_blank\" rel=\"noopener\">Certificaci\u00f3n Calidad 2024-27 (APCER)<\/a><\/p>\n<p>&nbsp;<\/p>\n<h3>SISTEMA DE GESTI\u00d3N AMBIENTAL<\/h3>\n<p>Gestionamos eficientemente el impacto medioambiental de nuestras actividades.<\/p>\n<p><a href=\"https:\/\/neotalent.pt\/wp-content\/uploads\/2024\/09\/24.AMB_.1105-CONCLUSION-NEOTALENT.pdf\" target=\"_blank\" rel=\"noopener\">Certificaci\u00f3n Medioambiental 2024-27 (APCER)<\/a><\/p>\n<p>&nbsp;<\/p>\n<h3>SISTEMA DE GESTI\u00d3N DE SEGURIDAD DE LA INFORMACI\u00d3N<\/h3>\n<p>Nos comprometemos a proteger la confidencialidad, integridad y disponibilidad de la informaci\u00f3n, gestionando los riesgos de forma eficaz.<\/p>\n<p><a href=\"https:\/\/neotalentconclusion.com\/wp-content\/uploads\/2025\/07\/signed_25.GI_.0115-Conclusion-Neotalent-1.pdf\" target=\"_blank\" rel=\"noopener\">Certificaci\u00f3n Seguridad de la Informaci\u00f3n 2025-28 (APCER)<\/a><\/p>\n<p>&nbsp;<\/p>\n<h3 style=\"color: #020201;\">PARA M\u00c1S INFORMACI\u00d3N<\/h3>\n<p>Por favor, cont\u00e1ctanos:<\/p>\n<p><a href=\"mailto:business.support@neotalentconclusion.com\">business.support@neotalentconclusion.com<\/a><\/p>\n\t\t\t\t\t\t<\/div>\n\t\t\t\t<\/div>\n\t\t\t\t\t<\/div>\n\t\t\t\t<\/div>\n\t\t\t\t\t<\/div>\n\t\t\t\t<\/div>\n\t\t<div class=\"elementor-element elementor-element-185c071 e-con-full e-flex e-con e-parent\" data-id=\"185c071\" data-element_type=\"container\">\n\t\t<div class=\"elementor-element elementor-element-73a5b18 e-con-full e-flex e-con e-child\" data-id=\"73a5b18\" data-element_type=\"container\" data-settings=\"{&quot;background_background&quot;:&quot;classic&quot;}\">\n\t\t\t\t<div class=\"elementor-element elementor-element-a0a5c99 elementor-widget-tablet__width-initial elementor-widget-mobile__width-inherit elementor-widget elementor-widget-heading\" data-id=\"a0a5c99\" data-element_type=\"widget\" data-widget_type=\"heading.default\">\n\t\t\t\t<div class=\"elementor-widget-container\">\n\t\t\t<h2 class=\"elementor-heading-title elementor-size-default\">Ponerse en contacto<\/h2>\t\t<\/div>\n\t\t\t\t<\/div>\n\t\t\t\t<div class=\"elementor-element elementor-element-15f7e78 elementor-widget__width-initial elementor-widget-laptop__width-initial elementor-widget-tablet__width-initial elementor-widget-mobile__width-inherit elementor-widget elementor-widget-text-editor\" data-id=\"15f7e78\" data-element_type=\"widget\" data-widget_type=\"text-editor.default\">\n\t\t\t\t<div class=\"elementor-widget-container\">\n\t\t\t\t\t\t\t<p>P\u00f3ngase en contacto con nuestro equipo de expertos.<\/p>\n\t\t\t\t\t\t<\/div>\n\t\t\t\t<\/div>\n\t\t\t\t<div class=\"elementor-element elementor-element-1e7d195 elementor-mobile-align-center elementor-widget elementor-widget-button\" data-id=\"1e7d195\" data-element_type=\"widget\" data-widget_type=\"button.default\">\n\t\t\t\t<div class=\"elementor-widget-container\">\n\t\t\t\t\t\t\t<div class=\"elementor-button-wrapper\">\n\t\t\t\t\t<a class=\"elementor-button elementor-button-link elementor-size-sm\" href=\"https:\/\/neotalentconclusion.com\/es\/contactar\/\">\n\t\t\t\t\t\t<span class=\"elementor-button-content-wrapper\">\n\t\t\t\t\t\t\t\t\t<span class=\"elementor-button-text\">Cont\u00e1ctanos<\/span>\n\t\t\t\t\t<\/span>\n\t\t\t\t\t<\/a>\n\t\t\t\t<\/div>\n\t\t\t\t\t\t<\/div>\n\t\t\t\t<\/div>\n\t\t\t\t<\/div>\n\t\t\t\t<\/div>\n\t\t<div class=\"elementor-element elementor-element-40c1fb5 e-con-full elementor-hidden-mobile e-flex e-con e-parent\" data-id=\"40c1fb5\" data-element_type=\"container\">\n\t\t\t\t<div class=\"elementor-element elementor-element-faa2d6f elementor-widget-widescreen__width-initial elementor-widget elementor-widget-image\" data-id=\"faa2d6f\" data-element_type=\"widget\" data-widget_type=\"image.default\">\n\t\t\t\t<div class=\"elementor-widget-container\">\n\t\t\t\t\t\t\t\t\t\t\t\t\t<img fetchpriority=\"high\" decoding=\"async\" width=\"976\" height=\"591\" src=\"https:\/\/neotalentconclusion.com\/wp-content\/uploads\/2023\/05\/Grupo-1635-min-1.png\" class=\"attachment-full size-full wp-image-1037\" alt=\"\" srcset=\"https:\/\/neotalentconclusion.com\/wp-content\/uploads\/2023\/05\/Grupo-1635-min-1.png 976w, https:\/\/neotalentconclusion.com\/wp-content\/uploads\/2023\/05\/Grupo-1635-min-1-300x182.png 300w, https:\/\/neotalentconclusion.com\/wp-content\/uploads\/2023\/05\/Grupo-1635-min-1-768x465.png 768w\" sizes=\"(max-width: 976px) 100vw, 976px\" \/>\t\t\t\t\t\t\t\t\t\t\t\t\t<\/div>\n\t\t\t\t<\/div>\n\t\t\t\t<\/div>\n\t\t\t\t<\/div>\n\t\t","protected":false},"excerpt":{"rendered":"<p>Gobernanza Porque nos importa Estamos comprometidos con tener un impacto positivo y sostenible en el planeta, y en la vida de todos los seres con los que compartimos nuestro ecosistema. Por estas razones, creemos en la transparencia, equidad, calidad y certificaci\u00f3n. Hemos desarrollado pol\u00edticas basadas en nuestros principios, y hemos implementado sistemas en varias \u00e1reas. [&hellip;]<\/p>\n","protected":false},"author":4,"featured_media":0,"parent":0,"menu_order":0,"comment_status":"closed","ping_status":"closed","template":"","meta":{"footnotes":""},"class_list":["post-15558","page","type-page","status-publish","hentry"],"_links":{"self":[{"href":"https:\/\/neotalentconclusion.com\/es\/wp-json\/wp\/v2\/pages\/15558","targetHints":{"allow":["GET"]}}],"collection":[{"href":"https:\/\/neotalentconclusion.com\/es\/wp-json\/wp\/v2\/pages"}],"about":[{"href":"https:\/\/neotalentconclusion.com\/es\/wp-json\/wp\/v2\/types\/page"}],"author":[{"embeddable":true,"href":"https:\/\/neotalentconclusion.com\/es\/wp-json\/wp\/v2\/users\/4"}],"replies":[{"embeddable":true,"href":"https:\/\/neotalentconclusion.com\/es\/wp-json\/wp\/v2\/comments?post=15558"}],"version-history":[{"count":23,"href":"https:\/\/neotalentconclusion.com\/es\/wp-json\/wp\/v2\/pages\/15558\/revisions"}],"predecessor-version":[{"id":17572,"href":"https:\/\/neotalentconclusion.com\/es\/wp-json\/wp\/v2\/pages\/15558\/revisions\/17572"}],"wp:attachment":[{"href":"https:\/\/neotalentconclusion.com\/es\/wp-json\/wp\/v2\/media?parent=15558"}],"curies":[{"name":"wp","href":"https:\/\/api.w.org\/{rel}","templated":true}]}}