{"id":7486,"date":"2023-04-27T15:23:56","date_gmt":"2023-04-27T15:23:56","guid":{"rendered":"https:\/\/clientestheagency.website\/neotalent\/carreras\/prueba-de-vacantes\/"},"modified":"2023-07-23T19:22:02","modified_gmt":"2023-07-23T19:22:02","slug":"prueba-de-vacantes","status":"publish","type":"page","link":"https:\/\/neotalentconclusion.com\/es\/oportunidades-de-carrera\/prueba-de-vacantes\/","title":{"rendered":"Prueba de vacantes"},"content":{"rendered":"\t\t<div data-elementor-type=\"wp-page\" data-elementor-id=\"7486\" class=\"elementor elementor-7486 elementor-421\" data-elementor-post-type=\"page\">\n\t\t\t\t<div class=\"elementor-element elementor-element-b2cdfcc e-flex e-con-boxed e-con e-parent\" data-id=\"b2cdfcc\" data-element_type=\"container\">\n\t\t\t\t\t<div class=\"e-con-inner\">\n\t\t<div class=\"elementor-element elementor-element-9a52e7c e-flex e-con-boxed e-con e-parent\" data-id=\"9a52e7c\" data-element_type=\"container\">\n\t\t\t\t\t<div class=\"e-con-inner\">\n\t\t\t\t<div class=\"elementor-element elementor-element-b4ff786 elementor-widget elementor-widget-heading\" data-id=\"b4ff786\" data-element_type=\"widget\" data-widget_type=\"heading.default\">\n\t\t\t\t<div class=\"elementor-widget-container\">\n\t\t\t<h2 class=\"elementor-heading-title elementor-size-default\">Detalles del puesto<\/h2>\t\t<\/div>\n\t\t\t\t<\/div>\n\t\t\t\t\t<\/div>\n\t\t\t\t<\/div>\n\t\t\t\t\t<\/div>\n\t\t\t\t<\/div>\n\t\t<div class=\"elementor-element elementor-element-903969d e-flex e-con-boxed e-con e-parent\" data-id=\"903969d\" data-element_type=\"container\">\n\t\t\t\t\t<div class=\"e-con-inner\">\n\t\t<div class=\"elementor-element elementor-element-af6da8c e-con-full e-flex e-con e-parent\" data-id=\"af6da8c\" data-element_type=\"container\">\n\t\t\t\t<div class=\"elementor-element elementor-element-af90870 elementor-icon-list--layout-inline elementor-list-item-link-full_width elementor-widget elementor-widget-icon-list\" data-id=\"af90870\" data-element_type=\"widget\" data-widget_type=\"icon-list.default\">\n\t\t\t\t<div class=\"elementor-widget-container\">\n\t\t\t\t\t<ul class=\"elementor-icon-list-items elementor-inline-items\">\n\t\t\t\t\t\t\t<li class=\"elementor-icon-list-item elementor-inline-item\">\n\t\t\t\t\t\t\t\t\t\t\t<span class=\"elementor-icon-list-icon\">\n\t\t\t\t\t\t\t<svg aria-hidden=\"true\" class=\"e-font-icon-svg e-fas-map-marker-alt\" viewBox=\"0 0 384 512\" xmlns=\"http:\/\/www.w3.org\/2000\/svg\"><path d=\"M172.268 501.67C26.97 291.031 0 269.413 0 192 0 85.961 85.961 0 192 0s192 85.961 192 192c0 77.413-26.97 99.031-172.268 309.67-9.535 13.774-29.93 13.773-39.464 0zM192 272c44.183 0 80-35.817 80-80s-35.817-80-80-80-80 35.817-80 80 35.817 80 80 80z\"><\/path><\/svg>\t\t\t\t\t\t<\/span>\n\t\t\t\t\t\t\t\t\t\t<span class=\"elementor-icon-list-text\">Ciudad, Pa\u00eds<\/span>\n\t\t\t\t\t\t\t\t\t<\/li>\n\t\t\t\t\t\t\t\t<li class=\"elementor-icon-list-item elementor-inline-item\">\n\t\t\t\t\t\t\t\t\t\t\t<span class=\"elementor-icon-list-icon\">\n\t\t\t\t\t\t\t<svg aria-hidden=\"true\" class=\"e-font-icon-svg e-far-circle\" viewBox=\"0 0 512 512\" xmlns=\"http:\/\/www.w3.org\/2000\/svg\"><path d=\"M256 8C119 8 8 119 8 256s111 248 248 248 248-111 248-248S393 8 256 8zm0 448c-110.5 0-200-89.5-200-200S145.5 56 256 56s200 89.5 200 200-89.5 200-200 200z\"><\/path><\/svg>\t\t\t\t\t\t<\/span>\n\t\t\t\t\t\t\t\t\t\t<span class=\"elementor-icon-list-text\">Tipo de contrato<\/span>\n\t\t\t\t\t\t\t\t\t<\/li>\n\t\t\t\t\t\t\t\t<li class=\"elementor-icon-list-item elementor-inline-item\">\n\t\t\t\t\t\t\t\t\t\t\t<span class=\"elementor-icon-list-icon\">\n\t\t\t\t\t\t\t<svg aria-hidden=\"true\" class=\"e-font-icon-svg e-far-circle\" viewBox=\"0 0 512 512\" xmlns=\"http:\/\/www.w3.org\/2000\/svg\"><path d=\"M256 8C119 8 8 119 8 256s111 248 248 248 248-111 248-248S393 8 256 8zm0 448c-110.5 0-200-89.5-200-200S145.5 56 256 56s200 89.5 200 200-89.5 200-200 200z\"><\/path><\/svg>\t\t\t\t\t\t<\/span>\n\t\t\t\t\t\t\t\t\t\t<span class=\"elementor-icon-list-text\">Nivel<\/span>\n\t\t\t\t\t\t\t\t\t<\/li>\n\t\t\t\t\t\t<\/ul>\n\t\t\t\t<\/div>\n\t\t\t\t<\/div>\n\t\t\t\t<div class=\"elementor-element elementor-element-2167808 elementor-widget elementor-widget-heading\" data-id=\"2167808\" data-element_type=\"widget\" data-widget_type=\"heading.default\">\n\t\t\t\t<div class=\"elementor-widget-container\">\n\t\t\t<h3 class=\"elementor-heading-title elementor-size-default\">NOMBRE DEL PUESTO DE TRABAJO<\/h3>\t\t<\/div>\n\t\t\t\t<\/div>\n\t\t\t\t<div class=\"elementor-element elementor-element-20d872e elementor-widget elementor-widget-heading\" data-id=\"20d872e\" data-element_type=\"widget\" data-widget_type=\"heading.default\">\n\t\t\t\t<div class=\"elementor-widget-container\">\n\t\t\t<h4 class=\"elementor-heading-title elementor-size-default\">DESCRIPCI\u00d3N<\/h4>\t\t<\/div>\n\t\t\t\t<\/div>\n\t\t\t\t<div class=\"elementor-element elementor-element-195ab7e elementor-widget elementor-widget-text-editor\" data-id=\"195ab7e\" data-element_type=\"widget\" data-widget_type=\"text-editor.default\">\n\t\t\t\t<div class=\"elementor-widget-container\">\n\t\t\t\t\t\t\t<p>Qui\u00e9nes somos<br \/>Desde hace m\u00e1s de 20 a\u00f1os, Neotalent, dentro del grupo Novabase, es la respuesta adecuada a la mayor necesidad que la transformaci\u00f3n digital aporta a las organizaciones: el Talento.<\/p>\n<p>Tenemos talento para eso.<\/p>\n<p>Somos especialistas en el desarrollo de personas y en adaptarlas a los proyectos m\u00e1s ambiciosos. Desde software a ingenier\u00eda compleja, desde infraestructuras a aplicaciones, encontramos, reconocemos y fomentamos el talento para llevar a cabo los proyectos m\u00e1s desafiantes reforzando nuestros equipos de proyecto. Aprendimos sobre las personas, sus conocimientos y c\u00f3mo utilizarlos de forma productiva para ayudar a las empresas a transformarse, porque lo que la econom\u00eda digital necesita es talento.<\/p>\n<p>El mundo vive bajo las reglas de la agilidad, la inmediatez y las respuestas r\u00e1pidas, por lo que somos din\u00e1micos, receptivos y estamos alineados con la velocidad de la revoluci\u00f3n digital. Tenemos una nueva forma de abordar los retos, a\u00f1adiendo velocidad al conocimiento, conectividad a la fiabilidad y aportando agilidad a la realidad de encontrar, gestionar y adecuar el talento a los proyectos.<\/p>\n<p>Neotalent, la gente que responde.<\/p>\n<p>\u00bfQu\u00e9 vas a hacer?<br \/>Te incorporar\u00e1s a un equipo en un proyecto partner de Neotalent, asumiendo el rol de Administrador Azure en la zona de Lisboa.<\/p>\n<p>Lo que valoramos<br \/>Ense\u00f1anza superior en el \u00e1mbito de las tecnolog\u00edas de la informaci\u00f3n;<br \/>M\u00e1s de 3 a\u00f1os de experiencia profesional como administrador de sistemas;<br \/>Experiencia en administraci\u00f3n y gesti\u00f3n de Microsoft Azure Cloud;<br \/>Experiencia en administraci\u00f3n de plataformas Microsoft: IIS, .NET, MS SQL<br \/>Experiencia en administraci\u00f3n de Microsoft Windows Active Directory;<br \/>Experiencia con scripts en Powershell u otros lenguajes;<br \/>Certificaci\u00f3n en Microsoft Azure (valorada);<br \/>Con ingl\u00e9s avanzado (oral\/escrito).<\/p>\n<p>Nuestra oferta<br \/>M\u00e1s de 20 a\u00f1os de experiencia en tecnolog\u00eda y desarrollo empresarial;<br \/>Acceso a formaci\u00f3n t\u00e9cnica y a metodolog\u00edas s\u00f3lidas de evaluaci\u00f3n del rendimiento y gesti\u00f3n de la carrera profesional;<br \/>La oportunidad de ser visto y reconocido, de trabajar en los mejores proyectos y de tomar decisiones que garanticen una carrera apasionante;<br \/>Oportunidad de trabajar en proyectos internacionales y formar parte del paradigma Everyshore for EveryChallenge.<\/p>\n\t\t\t\t\t\t<\/div>\n\t\t\t\t<\/div>\n\t\t\t\t<\/div>\n\t\t<div class=\"elementor-element elementor-element-5b7ec53 e-con-full e-flex e-con e-parent\" data-id=\"5b7ec53\" data-element_type=\"container\">\n\t\t\t\t<div class=\"elementor-element elementor-element-a5c7eab elementor-widget elementor-widget-text-editor\" data-id=\"a5c7eab\" data-element_type=\"widget\" data-widget_type=\"text-editor.default\">\n\t\t\t\t<div class=\"elementor-widget-container\">\n\t\t\t\t\t\t\t<p>Fecha del anuncio: 19\/01\/2023<\/p>\n<p>Ciudad: Lisboa<br \/>Pa\u00eds: Portugal<br \/>Nivel de experiencia: Intermedio (2-3 a\u00f1os)<br \/>R\u00e9gimen: jornada completa<\/p>\n<p>Referencia: BDP_Azure.Adm<\/p>\n\t\t\t\t\t\t<\/div>\n\t\t\t\t<\/div>\n\t\t<div class=\"elementor-element elementor-element-db7a4c0 e-flex e-con-boxed e-con e-parent\" data-id=\"db7a4c0\" data-element_type=\"container\" data-settings=\"{&quot;background_background&quot;:&quot;classic&quot;}\">\n\t\t\t\t\t<div class=\"e-con-inner\">\n\t\t<div class=\"elementor-element elementor-element-df2a49a e-flex e-con-boxed e-con e-parent\" data-id=\"df2a49a\" data-element_type=\"container\">\n\t\t\t\t\t<div class=\"e-con-inner\">\n\t\t\t\t<div class=\"elementor-element elementor-element-2e30a6d elementor-widget__width-auto elementor-widget elementor-widget-image\" data-id=\"2e30a6d\" data-element_type=\"widget\" data-widget_type=\"image.default\">\n\t\t\t\t<div class=\"elementor-widget-container\">\n\t\t\t\t\t\t\t\t\t\t\t\t\t<img decoding=\"async\" width=\"120\" height=\"121\" src=\"https:\/\/neotalentconclusion.com\/wp-content\/uploads\/2023\/04\/Grupo-1306.png\" class=\"attachment-large size-large wp-image-429\" alt=\"\" \/>\t\t\t\t\t\t\t\t\t\t\t\t\t<\/div>\n\t\t\t\t<\/div>\n\t\t\t\t<div class=\"elementor-element elementor-element-aadd939 elementor-widget__width-auto elementor-widget elementor-widget-heading\" data-id=\"aadd939\" data-element_type=\"widget\" data-widget_type=\"heading.default\">\n\t\t\t\t<div class=\"elementor-widget-container\">\n\t\t\t<p class=\"elementor-heading-title elementor-size-default\">Joana  \nFonseca<\/p>\t\t<\/div>\n\t\t\t\t<\/div>\n\t\t\t\t\t<\/div>\n\t\t\t\t<\/div>\n\t\t<div class=\"elementor-element elementor-element-b1ca410 e-flex e-con-boxed e-con e-parent\" data-id=\"b1ca410\" data-element_type=\"container\">\n\t\t\t\t\t<div class=\"e-con-inner\">\n\t\t\t\t<div class=\"elementor-element elementor-element-7de683c elementor-widget elementor-widget-heading\" data-id=\"7de683c\" data-element_type=\"widget\" data-widget_type=\"heading.default\">\n\t\t\t\t<div class=\"elementor-widget-container\">\n\t\t\t<h2 class=\"elementor-heading-title elementor-size-default\">Consultor de talento en Neotalent<\/h2>\t\t<\/div>\n\t\t\t\t<\/div>\n\t\t\t\t<div class=\"elementor-element elementor-element-173e398 elementor-widget elementor-widget-text-editor\" data-id=\"173e398\" data-element_type=\"widget\" data-widget_type=\"text-editor.default\">\n\t\t\t\t<div class=\"elementor-widget-container\">\n\t\t\t\t\t\t\t<p>Localizaci\u00f3n: Portugal<br \/>Oficina: Oporto<\/p>\n\t\t\t\t\t\t<\/div>\n\t\t\t\t<\/div>\n\t\t\t\t<div class=\"elementor-element elementor-element-c03c917 elementor-widget elementor-widget-heading\" data-id=\"c03c917\" data-element_type=\"widget\" data-widget_type=\"heading.default\">\n\t\t\t\t<div class=\"elementor-widget-container\">\n\t\t\t<h2 class=\"elementor-heading-title elementor-size-default\">Contacto directo<\/h2>\t\t<\/div>\n\t\t\t\t<\/div>\n\t\t\t\t<div class=\"elementor-element elementor-element-720b3be elementor-widget elementor-widget-text-editor\" data-id=\"720b3be\" data-element_type=\"widget\" data-widget_type=\"text-editor.default\">\n\t\t\t\t<div class=\"elementor-widget-container\">\n\t\t\t\t\t\t\t<p>joana.fonseca@neotalent.pt<br \/>+351 913 092 377<\/p>\n\t\t\t\t\t\t<\/div>\n\t\t\t\t<\/div>\n\t\t\t\t\t<\/div>\n\t\t\t\t<\/div>\n\t\t\t\t\t<\/div>\n\t\t\t\t<\/div>\n\t\t<div class=\"elementor-element elementor-element-e9009a4 e-flex e-con-boxed e-con e-parent\" data-id=\"e9009a4\" data-element_type=\"container\" data-settings=\"{&quot;background_background&quot;:&quot;classic&quot;}\">\n\t\t\t\t\t<div class=\"e-con-inner\">\n\t\t\t\t<div class=\"elementor-element elementor-element-e3d9005 elementor-widget elementor-widget-heading\" data-id=\"e3d9005\" data-element_type=\"widget\" data-widget_type=\"heading.default\">\n\t\t\t\t<div class=\"elementor-widget-container\">\n\t\t\t<h2 class=\"elementor-heading-title elementor-size-default\">TALENTO DIGITAL<br>\n<span style=\"color:black\">ECOSISTEMA<\/span><\/h2>\t\t<\/div>\n\t\t\t\t<\/div>\n\t\t\t\t<div class=\"elementor-element elementor-element-e9183d5 elementor-align-center elementor-widget elementor-widget-button\" data-id=\"e9183d5\" data-element_type=\"widget\" data-widget_type=\"button.default\">\n\t\t\t\t<div class=\"elementor-widget-container\">\n\t\t\t\t\t\t\t<div class=\"elementor-button-wrapper\">\n\t\t\t\t\t<a class=\"elementor-button elementor-button-link elementor-size-sm\" href=\"#\">\n\t\t\t\t\t\t<span class=\"elementor-button-content-wrapper\">\n\t\t\t\t\t\t\t\t\t<span class=\"elementor-button-text\">INICIAR SESI\u00d3N<\/span>\n\t\t\t\t\t<\/span>\n\t\t\t\t\t<\/a>\n\t\t\t\t<\/div>\n\t\t\t\t\t\t<\/div>\n\t\t\t\t<\/div>\n\t\t\t\t<div class=\"elementor-element elementor-element-d1c24fd elementor-align-center elementor-widget elementor-widget-button\" data-id=\"d1c24fd\" data-element_type=\"widget\" data-widget_type=\"button.default\">\n\t\t\t\t<div class=\"elementor-widget-container\">\n\t\t\t\t\t\t\t<div class=\"elementor-button-wrapper\">\n\t\t\t\t\t<a class=\"elementor-button elementor-button-link elementor-size-sm\" href=\"#\">\n\t\t\t\t\t\t<span class=\"elementor-button-content-wrapper\">\n\t\t\t\t\t\t\t\t\t<span class=\"elementor-button-text\">CONECTAR CON LINKEDIN<\/span>\n\t\t\t\t\t<\/span>\n\t\t\t\t\t<\/a>\n\t\t\t\t<\/div>\n\t\t\t\t\t\t<\/div>\n\t\t\t\t<\/div>\n\t\t\t\t<div class=\"elementor-element elementor-element-7337660 elementor-align-center elementor-widget elementor-widget-button\" data-id=\"7337660\" data-element_type=\"widget\" data-widget_type=\"button.default\">\n\t\t\t\t<div class=\"elementor-widget-container\">\n\t\t\t\t\t\t\t<div class=\"elementor-button-wrapper\">\n\t\t\t\t\t<a class=\"elementor-button elementor-button-link elementor-size-sm\" href=\"#\">\n\t\t\t\t\t\t<span class=\"elementor-button-content-wrapper\">\n\t\t\t\t\t\t\t\t\t<span class=\"elementor-button-text\">REG\u00cdSTRESE EN<\/span>\n\t\t\t\t\t<\/span>\n\t\t\t\t\t<\/a>\n\t\t\t\t<\/div>\n\t\t\t\t\t\t<\/div>\n\t\t\t\t<\/div>\n\t\t\t\t\t<\/div>\n\t\t\t\t<\/div>\n\t\t\t\t<\/div>\n\t\t\t\t\t<\/div>\n\t\t\t\t<\/div>\n\t\t\t\t<\/div>\n\t\t","protected":false},"excerpt":{"rendered":"<p>Detalles del puesto Ciudad, Pa\u00eds Tipo de contrato Nivel NOMBRE DEL PUESTO DE TRABAJO DESCRIPCI\u00d3N Qui\u00e9nes somosDesde hace m\u00e1s de 20 a\u00f1os, Neotalent, dentro del grupo Novabase, es la respuesta adecuada a la mayor necesidad que la transformaci\u00f3n digital aporta a las organizaciones: el Talento. Tenemos talento para eso. Somos especialistas en el desarrollo de [&hellip;]<\/p>\n","protected":false},"author":4,"featured_media":0,"parent":6261,"menu_order":0,"comment_status":"closed","ping_status":"closed","template":"","meta":{"footnotes":""},"class_list":["post-7486","page","type-page","status-publish","hentry"],"_links":{"self":[{"href":"https:\/\/neotalentconclusion.com\/es\/wp-json\/wp\/v2\/pages\/7486","targetHints":{"allow":["GET"]}}],"collection":[{"href":"https:\/\/neotalentconclusion.com\/es\/wp-json\/wp\/v2\/pages"}],"about":[{"href":"https:\/\/neotalentconclusion.com\/es\/wp-json\/wp\/v2\/types\/page"}],"author":[{"embeddable":true,"href":"https:\/\/neotalentconclusion.com\/es\/wp-json\/wp\/v2\/users\/4"}],"replies":[{"embeddable":true,"href":"https:\/\/neotalentconclusion.com\/es\/wp-json\/wp\/v2\/comments?post=7486"}],"version-history":[{"count":0,"href":"https:\/\/neotalentconclusion.com\/es\/wp-json\/wp\/v2\/pages\/7486\/revisions"}],"up":[{"embeddable":true,"href":"https:\/\/neotalentconclusion.com\/es\/wp-json\/wp\/v2\/pages\/6261"}],"wp:attachment":[{"href":"https:\/\/neotalentconclusion.com\/es\/wp-json\/wp\/v2\/media?parent=7486"}],"curies":[{"name":"wp","href":"https:\/\/api.w.org\/{rel}","templated":true}]}}